{"id":30,"date":"2025-08-28T07:22:04","date_gmt":"2025-08-28T10:22:04","guid":{"rendered":"https:\/\/lemeapp.com.br\/home\/?page_id=30"},"modified":"2026-05-12T11:46:42","modified_gmt":"2026-05-12T14:46:42","slug":"contato","status":"publish","type":"page","link":"https:\/\/lemeapp.com.br\/home\/contato\/","title":{"rendered":"Contato"},"content":{"rendered":"\t\t<div data-elementor-type=\"wp-page\" data-elementor-id=\"30\" class=\"elementor elementor-30\" data-elementor-post-type=\"page\">\n\t\t\t\t<div class=\"elementor-element elementor-element-5a9f7e1 e-flex e-con-boxed e-con e-parent\" data-id=\"5a9f7e1\" data-element_type=\"container\" data-e-type=\"container\" data-settings=\"{&quot;background_background&quot;:&quot;classic&quot;}\">\n\t\t\t\t\t<div class=\"e-con-inner\">\n\t\t<div class=\"elementor-element elementor-element-31d4bac e-con-full e-flex e-con e-child\" data-id=\"31d4bac\" data-element_type=\"container\" data-e-type=\"container\">\n\t\t\t\t<div class=\"elementor-element elementor-element-93a1ced elementor-widget elementor-widget-heading\" data-id=\"93a1ced\" data-element_type=\"widget\" data-e-type=\"widget\" data-widget_type=\"heading.default\">\n\t\t\t\t\t<h1 class=\"elementor-heading-title elementor-size-default\">Precisando\nde ajuda?<\/h1>\t\t\t\t<\/div>\n\t\t\t\t<div class=\"elementor-element elementor-element-aef5411 elementor-widget elementor-widget-heading\" data-id=\"aef5411\" data-element_type=\"widget\" data-e-type=\"widget\" data-widget_type=\"heading.default\">\n\t\t\t\t\t<p class=\"elementor-heading-title elementor-size-default\">Fale com a gente e mantenha\nsua embarca\u00e7\u00e3o no rumo certo.<\/p>\t\t\t\t<\/div>\n\t\t\t\t<\/div>\n\t\t<div class=\"elementor-element elementor-element-4e1f1a5 e-con-full elementor-hidden-tablet elementor-hidden-mobile e-flex e-con e-child\" data-id=\"4e1f1a5\" data-element_type=\"container\" data-e-type=\"container\">\n\t\t\t\t<div class=\"elementor-element elementor-element-f1fef5f elementor-widget elementor-widget-image\" data-id=\"f1fef5f\" data-element_type=\"widget\" data-e-type=\"widget\" data-widget_type=\"image.default\">\n\t\t\t\t\t\t\t\t\t\t\t\t\t\t\t<img fetchpriority=\"high\" decoding=\"async\" width=\"406\" height=\"467\" src=\"https:\/\/lemeapp.com.br\/home\/wp-content\/uploads\/2025\/09\/frame_1321318533.webp\" class=\"attachment-full size-full wp-image-288\" alt=\"\" srcset=\"https:\/\/lemeapp.com.br\/home\/wp-content\/uploads\/2025\/09\/frame_1321318533.webp 406w, https:\/\/lemeapp.com.br\/home\/wp-content\/uploads\/2025\/09\/frame_1321318533-261x300.webp 261w\" sizes=\"(max-width: 406px) 100vw, 406px\" \/>\t\t\t\t\t\t\t\t\t\t\t\t\t\t\t<\/div>\n\t\t\t\t<\/div>\n\t\t<div class=\"elementor-element elementor-element-33f6ac7 e-con-full e-flex e-con e-child\" data-id=\"33f6ac7\" data-element_type=\"container\" data-e-type=\"container\">\n\t\t<div class=\"elementor-element elementor-element-c8c6d1e e-con-full e-flex e-con e-child\" data-id=\"c8c6d1e\" data-element_type=\"container\" data-e-type=\"container\" data-settings=\"{&quot;background_background&quot;:&quot;classic&quot;}\">\n\t\t\t\t<div class=\"elementor-element elementor-element-be83521 elementor-widget elementor-widget-shortcode\" data-id=\"be83521\" data-element_type=\"widget\" data-e-type=\"widget\" data-widget_type=\"shortcode.default\">\n\t\t\t\t\t\t\t<div class=\"elementor-shortcode\">\n<div class=\"wpcf7 no-js\" id=\"wpcf7-f289-o1\" lang=\"pt-BR\" dir=\"ltr\" data-wpcf7-id=\"289\">\n<div class=\"screen-reader-response\"><p role=\"status\" aria-live=\"polite\" aria-atomic=\"true\"><\/p> <ul><\/ul><\/div>\n<form action=\"\/home\/wp-json\/wp\/v2\/pages\/30#wpcf7-f289-o1\" method=\"post\" class=\"wpcf7-form init\" aria-label=\"Formul\u00e1rios de contato\" novalidate=\"novalidate\" data-status=\"init\">\n<fieldset class=\"hidden-fields-container\"><input type=\"hidden\" name=\"_wpcf7\" value=\"289\" \/><input type=\"hidden\" name=\"_wpcf7_version\" value=\"6.1.5\" \/><input type=\"hidden\" name=\"_wpcf7_locale\" value=\"pt_BR\" \/><input type=\"hidden\" name=\"_wpcf7_unit_tag\" value=\"wpcf7-f289-o1\" \/><input type=\"hidden\" name=\"_wpcf7_container_post\" value=\"0\" \/><input type=\"hidden\" name=\"_wpcf7_posted_data_hash\" value=\"\" \/>\n<\/fieldset>\n<div class=\"utms\" style=\"display: none;\">\n<input class=\"wpcf7-form-control wpcf7-hidden form\" id=\"id-form\" value=\"form_contato\" type=\"hidden\" name=\"form_name\" \/>\n\t<p> <span class=\"wpcf7-form-control-wrap\" data-name=\"utm_campaign\"><input size=\"40\" maxlength=\"400\" class=\"wpcf7-form-control wpcf7-text\" aria-invalid=\"false\" value=\"\" type=\"text\" name=\"utm_campaign\" \/><\/span> <br \/>\n<span class=\"wpcf7-form-control-wrap\" data-name=\"utm_source\"><input size=\"40\" maxlength=\"400\" class=\"wpcf7-form-control wpcf7-text\" aria-invalid=\"false\" value=\"\" type=\"text\" name=\"utm_source\" \/><\/span> <br \/>\n<span class=\"wpcf7-form-control-wrap\" data-name=\"utm_medium\"><input size=\"40\" maxlength=\"400\" class=\"wpcf7-form-control wpcf7-text\" aria-invalid=\"false\" value=\"\" type=\"text\" name=\"utm_medium\" \/><\/span><br \/>\n<span class=\"wpcf7-form-control-wrap\" data-name=\"utm_term\"><input size=\"40\" maxlength=\"400\" class=\"wpcf7-form-control wpcf7-text\" aria-invalid=\"false\" value=\"\" type=\"text\" name=\"utm_term\" \/><\/span><br \/>\n<span class=\"wpcf7-form-control-wrap\" data-name=\"utm_content\"><input size=\"40\" maxlength=\"400\" class=\"wpcf7-form-control wpcf7-text\" aria-invalid=\"false\" value=\"\" type=\"text\" name=\"utm_content\" \/><\/span><br \/>\n<span class=\"wpcf7-form-control-wrap\" data-name=\"gclid\"><input size=\"40\" maxlength=\"400\" class=\"wpcf7-form-control wpcf7-text\" aria-invalid=\"false\" value=\"\" type=\"text\" name=\"gclid\" \/><\/span>\n\t<\/p>\n<\/div>\n<p><span class=\"wpcf7-form-control-wrap\" data-name=\"your-name\"><input size=\"40\" maxlength=\"400\" class=\"wpcf7-form-control wpcf7-text wpcf7-validates-as-required\" autocomplete=\"name\" aria-required=\"true\" aria-invalid=\"false\" placeholder=\"Nome completo\" value=\"\" type=\"text\" name=\"your-name\" \/><\/span><br \/>\n<span class=\"wpcf7-form-control-wrap\" data-name=\"email\"><input size=\"40\" maxlength=\"400\" class=\"wpcf7-form-control wpcf7-email wpcf7-validates-as-required wpcf7-text wpcf7-validates-as-email\" aria-required=\"true\" aria-invalid=\"false\" placeholder=\"E-mail\" value=\"\" type=\"email\" name=\"email\" \/><\/span><br \/>\n<span class=\"wpcf7-form-control-wrap\" data-name=\"phone\"><input size=\"40\" maxlength=\"400\" class=\"wpcf7-form-control wpcf7-tel wpcf7-validates-as-required wpcf7-text wpcf7-validates-as-tel\" aria-required=\"true\" aria-invalid=\"false\" placeholder=\"Telefone\" value=\"\" type=\"tel\" name=\"phone\" \/><\/span><br \/>\n<span class=\"wpcf7-form-control-wrap\" data-name=\"company\"><input size=\"40\" maxlength=\"400\" class=\"wpcf7-form-control wpcf7-text\" aria-invalid=\"false\" placeholder=\"Nome da sua empresa\" value=\"\" type=\"text\" name=\"company\" \/><\/span><br \/>\n<span class=\"wpcf7-form-control-wrap\" data-name=\"message\"><textarea cols=\"40\" rows=\"10\" maxlength=\"2000\" class=\"wpcf7-form-control wpcf7-textarea\" aria-invalid=\"false\" placeholder=\"Como podemos te ajudar?\" name=\"message\"><\/textarea><\/span><br \/>\n<input class=\"wpcf7-form-control wpcf7-submit has-spinner\" type=\"submit\" value=\"Enviar informa\u00e7\u00f5es\" \/>\n<\/p><div class=\"wpcf7-response-output\" aria-hidden=\"true\"><\/div>\n<\/form>\n<\/div>\n<\/div>\n\t\t\t\t\t\t<\/div>\n\t\t\t\t<\/div>\n\t\t\t\t<\/div>\n\t\t\t\t\t<\/div>\n\t\t\t\t<\/div>\n\t\t<div class=\"elementor-element elementor-element-d679cd6 e-flex e-con-boxed e-con e-parent\" data-id=\"d679cd6\" data-element_type=\"container\" data-e-type=\"container\" data-settings=\"{&quot;background_background&quot;:&quot;classic&quot;}\">\n\t\t\t\t\t<div class=\"e-con-inner\">\n\t\t<div class=\"elementor-element elementor-element-7390b7a e-con-full e-flex e-con e-child\" data-id=\"7390b7a\" data-element_type=\"container\" data-e-type=\"container\" data-settings=\"{&quot;background_background&quot;:&quot;classic&quot;}\">\n\t\t<div class=\"elementor-element elementor-element-66a6914 e-con-full e-flex e-con e-child\" data-id=\"66a6914\" data-element_type=\"container\" data-e-type=\"container\">\n\t\t\t\t<div class=\"elementor-element elementor-element-92693f7 elementor-view-default elementor-widget elementor-widget-icon\" data-id=\"92693f7\" data-element_type=\"widget\" data-e-type=\"widget\" data-widget_type=\"icon.default\">\n\t\t\t\t\t\t\t<div class=\"elementor-icon-wrapper\">\n\t\t\t<div class=\"elementor-icon\">\n\t\t\t<svg xmlns=\"http:\/\/www.w3.org\/2000\/svg\" width=\"49\" height=\"48\" fill=\"none\" viewBox=\"0 0 49 48\"><mask id=\"a\" fill=\"#fff\"><path d=\"M12.331 22.48c.85 0 1.54.676 1.54 1.51 0 5.745 4.77 10.414 10.626 10.414.85 0 1.54.676 1.54 1.515V46.49c0 .833-.684 1.51-1.54 1.51-.855 0-1.546-.677-1.546-1.51v-9.148a13.766 13.766 0 0 1-6.987-2.846l-6.608 6.476a1.562 1.562 0 0 1-2.18 0 1.49 1.49 0 0 1 0-2.137l6.607-6.476a13.193 13.193 0 0 1-2.903-6.85H1.545C.69 25.51 0 24.834 0 24c0-.833.695-1.51 1.545-1.51v-.01H12.33Zm21.7 9.35c.397 0 .789.15 1.092.443l6.701 6.568a1.49 1.49 0 0 1 0 2.136 1.55 1.55 0 0 1-1.093.444 1.55 1.55 0 0 1-1.093-.444l-6.701-6.568a1.49 1.49 0 0 1 0-2.136 1.55 1.55 0 0 1 1.093-.444Zm-9.534-12.846c2.826 0 5.122 2.246 5.122 5.022 0 2.775-2.29 5.02-5.122 5.02-2.831 0-5.123-2.25-5.123-5.02 0-2.776 2.297-5.022 5.123-5.022ZM24.507 0c.85 0 1.54.676 1.54 1.515v9.15a13.813 13.813 0 0 1 6.99 2.845l6.607-6.477a1.565 1.565 0 0 1 2.18 0c.602.59.602 1.548 0 2.138l-6.607 6.476a13.191 13.191 0 0 1 2.903 6.85h9.334c.856 0 1.546.676 1.546 1.509 0 .833-.696 1.509-1.546 1.509H36.668c-.855 0-1.545-.676-1.545-1.51 0-5.745-4.77-10.414-10.626-10.414-.855 0-1.546-.677-1.546-1.51l.012-10.566c0-.839.695-1.515 1.545-1.515ZM8.264 6.584c.397 0 .789.147 1.092.444l7.63 7.472a1.49 1.49 0 0 1 0 2.137 1.55 1.55 0 0 1-1.093.443 1.55 1.55 0 0 1-1.093-.443L7.176 9.165a1.49 1.49 0 0 1 0-2.137 1.53 1.53 0 0 1 1.087-.444Z\"><\/path><\/mask><path fill=\"#183955\" d=\"M13.871 23.99h-1 1Zm10.626 10.414v1-1Zm0 13.596v1-1Zm-1.546-10.658h1v-.897l-.891-.097-.109.994Zm-6.987-2.846.616-.788-.69-.54-.626.614.7.714Zm-6.608 6.476-.7-.715.7.715Zm-1.093.444v1-1Zm-1.087-.444.706-.708-.006-.006-.7.714Zm0-2.137-.7-.714.7.714Zm6.607-6.476.7.715.651-.639-.575-.707-.776.631Zm-2.903-6.85.993-.112-.1-.887h-.893v1Zm-9.335 0v1-1ZM0 24h-1 1Zm1.545-1.51v1h1v-1h-1Zm0-.01v-1h-1v1h1Zm32.485 9.35v-1 1Zm1.093.443.7-.715-.007-.006-.693.72Zm6.701 6.568.7-.714-.7.714Zm0 2.136.7.715-.7-.715Zm-1.093.444v1-1Zm-1.093-.444-.7.715.7-.715Zm-6.701-6.568-.7.714.7-.714Zm0-2.136-.7-.715.7.715Zm-8.44-13.289v-1 1Zm5.122 5.022h1-1Zm-5.122 5.02v1-1Zm-5.123-5.02h-1 1ZM24.508 0v-1 1Zm1.54 1.515h1-1Zm0 9.15h-1v.894l.89.099.11-.994Zm6.988 2.845-.616.787.69.54.626-.613-.7-.714Zm6.608-6.477-.7-.714.7.714Zm2.18 0 .7-.714-.7.714Zm0 2.138.7.714-.7-.714Zm-6.607 6.476-.7-.715-.651.638.575.708.776-.631Zm2.903 6.85-.993.112.1.887h.893v-1ZM49 24.005h1-1Zm-12.332 1.509v1-1Zm-1.545-1.51h-1v.001h1ZM24.497 13.592v-1 1Zm-1.546-1.51-1-.001v.001h1Zm.012-10.566h1-1Zm-14.7 5.069v-1 1Zm1.092.444-.7.714.7-.714Zm7.63 7.472.7-.714-.7.714Zm0 2.137.7.714-.7-.714Zm-1.093.443v1-1Zm-1.093-.443-.7.714.7-.714ZM7.176 9.165l.7-.714-.7.714Zm0-2.137.7.715.006-.007-.706-.708ZM12.33 22.48v1c.317 0 .54.247.54.51h2c0-1.405-1.156-2.51-2.54-2.51v1Zm1.54 1.51h-1c0 6.316 5.237 11.414 11.626 11.414v-2c-5.324 0-9.626-4.24-9.626-9.415h-1Zm10.626 10.414v1c.315 0 .54.245.54.515h2c0-1.408-1.154-2.515-2.54-2.515v1Zm1.54 1.515h-1V46.49h2V35.92h-1Zm0 10.571h-1c0 .265-.22.51-.54.51v2c1.392 0 2.54-1.108 2.54-2.51h-1ZM24.497 48v-1a.528.528 0 0 1-.546-.51h-2c0 1.407 1.16 2.51 2.546 2.51v-1Zm-1.546-1.51h1v-9.148h-2v9.148h1Zm0-9.148.109-.994a12.767 12.767 0 0 1-6.48-2.64l-.616.788-.616.788a14.768 14.768 0 0 0 7.494 3.052l.11-.994Zm-6.987-2.846-.7-.714-6.607 6.476.7.714.7.714 6.607-6.476-.7-.714Zm-6.608 6.476-.7-.715a.561.561 0 0 1-.393.159v2a2.56 2.56 0 0 0 1.793-.73l-.7-.714Zm-1.093.444v-1a.537.537 0 0 1-.38-.152l-.707.708-.707.707a2.536 2.536 0 0 0 1.793.737v-1Zm-1.087-.444.7-.714a.49.49 0 0 1 0-.709l-.7-.714-.7-.714a2.49 2.49 0 0 0 0 3.565l.7-.714Zm0-2.137.7.714 6.607-6.475-.7-.715-.7-.714-6.607 6.476.7.714Zm6.607-6.476.776-.63a12.192 12.192 0 0 1-2.685-6.332l-.994.113-.994.113a14.192 14.192 0 0 0 3.122 7.368l.775-.632Zm-2.903-6.85v-1H1.545v2h9.335v-1Zm-9.335 0v-1A.527.527 0 0 1 1 24h-2c0 1.406 1.158 2.51 2.545 2.51v-1ZM0 24h1a.53.53 0 0 1 .545-.51v-2C.165 21.49-1 22.592-1 24h1Zm1.545-1.51h1v-.01h-2v.01h1Zm0-.01v1H12.33v-2H1.545v1Zm32.485 9.35v1c.142 0 .285.053.4.163l.693-.72.693-.721a2.573 2.573 0 0 0-1.785-.723v1Zm1.093.443-.7.714 6.701 6.568.7-.714.7-.714-6.701-6.569-.7.715Zm6.701 6.568-.7.714a.49.49 0 0 1 0 .708l.7.715.7.714a2.49 2.49 0 0 0 0-3.565l-.7.714Zm0 2.136-.7-.714a.55.55 0 0 1-.393.158v2a2.55 2.55 0 0 0 1.793-.73l-.7-.714Zm-1.093.444v-1a.551.551 0 0 1-.393-.158l-.7.715-.7.714a2.55 2.55 0 0 0 1.793.729v-1Zm-1.093-.444.7-.714-6.702-6.568-.7.714-.7.714 6.702 6.569.7-.715Zm-6.701-6.568.7-.714a.491.491 0 0 1 0-.709l-.7-.713-.7-.715a2.49 2.49 0 0 0 0 3.565l.7-.714Zm0-2.136.7.714a.551.551 0 0 1 .393-.158v-2a2.55 2.55 0 0 0-1.794.73l.7.713Zm-8.44-13.289v1c2.293 0 4.122 1.818 4.122 4.022h2c0-3.347-2.763-6.021-6.122-6.022v1Zm5.122 5.022h-1c0 2.204-1.824 4.02-4.122 4.02v2c3.365 0 6.122-2.674 6.122-6.02h-1Zm-5.122 5.02v-1c-2.298 0-4.123-1.82-4.123-4.02h-2c0 3.34 2.758 6.02 6.123 6.02v-1Zm-5.123-5.02h1c0-2.204 1.83-4.022 4.123-4.022v-2c-3.359 0-6.123 2.675-6.123 6.022h1ZM24.508 0v1c.314 0 .54.245.54.515h2C27.048.107 25.893-1 24.508-1v1Zm1.54 1.515h-1v9.15h2v-9.15h-1Zm0 9.15-.11.993a12.814 12.814 0 0 1 6.482 2.64l.616-.788.616-.788A14.814 14.814 0 0 0 26.16 9.67l-.111.994Zm6.988 2.845.7.714 6.608-6.477-.7-.714-.7-.714-6.608 6.477.7.714Zm6.608-6.477.7.714a.565.565 0 0 1 .78 0l.7-.714.7-.714c-.99-.97-2.59-.97-3.58 0l.7.714Zm2.18 0-.7.714a.491.491 0 0 1 0 .71l.7.714.7.714a2.491 2.491 0 0 0 0-3.566l-.7.714Zm0 2.138-.7-.714-6.607 6.475.7.714.7.715 6.607-6.476-.7-.714Zm-6.607 6.476-.776.63a12.19 12.19 0 0 1 2.685 6.332l.994-.113.994-.113a14.192 14.192 0 0 0-3.122-7.368l-.775.631Zm2.903 6.85v1h9.334v-2H38.12v1Zm9.334 0v1c.325 0 .546.25.546.509h2c0-1.407-1.16-2.51-2.546-2.51v1ZM49 24.005h-1a.531.531 0 0 1-.546.509v2c1.378 0 2.546-1.1 2.546-2.509h-1Zm-1.546 1.509v-1H36.668v2h10.786v-1Zm-10.786 0v-1a.527.527 0 0 1-.545-.51h-1l-1 .001c0 1.406 1.159 2.508 2.545 2.509v-1Zm-1.545-1.51h1c0-6.316-5.236-11.414-11.626-11.414v2c5.324 0 9.626 4.24 9.626 9.415h1ZM24.497 13.592v-1a.528.528 0 0 1-.546-.51h-2c0 1.407 1.16 2.51 2.546 2.51v-1Zm-1.546-1.51 1 .001.012-10.566-1-.001-1-.001-.012 10.566 1 .001Zm.012-10.566h1c0-.266.226-.515.545-.515v-2c-1.381 0-2.545 1.103-2.545 2.514h1Zm-14.7 5.069v1a.55.55 0 0 1 .393.158l.7-.714.7-.714a2.55 2.55 0 0 0-1.793-.73v1Zm1.092.444-.7.715 7.63 7.471.7-.714.7-.714-7.63-7.472-.7.714Zm7.63 7.472-.7.714a.49.49 0 0 1 0 .709l.7.714.7.714a2.49 2.49 0 0 0 0-3.565l-.7.714Zm0 2.137-.7-.715a.549.549 0 0 1-.393.158v2c.644 0 1.292-.238 1.792-.73l-.7-.713Zm-1.093.443v-1a.55.55 0 0 1-.393-.158l-.7.715-.7.714c.5.49 1.148.73 1.793.73v-1Zm-1.093-.443.7-.714L7.876 8.45l-.7.714-.7.714 7.623 7.472.7-.714ZM7.176 9.165l.7-.714a.49.49 0 0 1 0-.709l-.7-.714-.7-.714a2.49 2.49 0 0 0 0 3.565l.7-.714Zm0-2.137.706.708a.527.527 0 0 1 .38-.152v-2c-.644 0-1.295.24-1.793.737l.707.707Z\" mask=\"url(#a)\"><\/path><\/svg>\t\t\t<\/div>\n\t\t<\/div>\n\t\t\t\t\t\t<\/div>\n\t\t<div class=\"elementor-element elementor-element-1e97515 e-con-full e-flex e-con e-child\" data-id=\"1e97515\" data-element_type=\"container\" data-e-type=\"container\">\n\t\t\t\t<div class=\"elementor-element elementor-element-5a04d5c elementor-widget elementor-widget-heading\" data-id=\"5a04d5c\" data-element_type=\"widget\" data-e-type=\"widget\" data-widget_type=\"heading.default\">\n\t\t\t\t\t<h2 class=\"elementor-heading-title elementor-size-default\">Atendimento r\u00e1pido pelo WhatsApp<\/h2>\t\t\t\t<\/div>\n\t\t<div class=\"elementor-element elementor-element-720bc9b e-con-full elementor-hidden-mobile e-flex e-con e-child\" data-id=\"720bc9b\" data-element_type=\"container\" data-e-type=\"container\" data-settings=\"{&quot;background_background&quot;:&quot;classic&quot;,&quot;position&quot;:&quot;absolute&quot;}\">\n\t\t\t\t<\/div>\n\t\t\t\t<div class=\"elementor-element elementor-element-0589608 elementor-widget elementor-widget-heading\" data-id=\"0589608\" data-element_type=\"widget\" data-e-type=\"widget\" data-widget_type=\"heading.default\">\n\t\t\t\t\t<p class=\"elementor-heading-title elementor-size-default\">Nosso time est\u00e1 dispon\u00edvel de segunda a sexta, das 8h \u00e0s 18h.<\/p>\t\t\t\t<\/div>\n\t\t\t\t<\/div>\n\t\t\t\t<\/div>\n\t\t<div class=\"elementor-element elementor-element-dc47242 e-con-full e-flex e-con e-child\" data-id=\"dc47242\" data-element_type=\"container\" data-e-type=\"container\">\n\t\t\t\t<div class=\"elementor-element elementor-element-835903b elementor-widget elementor-widget-button\" data-id=\"835903b\" data-element_type=\"widget\" data-e-type=\"widget\" data-widget_type=\"button.default\">\n\t\t\t\t\t\t\t\t\t\t<a class=\"elementor-button elementor-button-link elementor-size-sm\" href=\"https:\/\/api.whatsapp.com\/send\/?phone=5511921808479&#038;text=Ol\u00e1%21+Vi+o+Leme+App+pelo+site+e+quero+entender+como+ele+pode+ajudar+na+gest\u00e3o+de+SST+da+minha+empresa.&#038;type=phone_number&#038;app_absent=0\" target=\"_blank\" rel=\"nofollow noopener\">\n\t\t\t\t\t\t<span class=\"elementor-button-content-wrapper\">\n\t\t\t\t\t\t<span class=\"elementor-button-icon\">\n\t\t\t\t<svg aria-hidden=\"true\" class=\"e-font-icon-svg e-fab-whatsapp\" viewBox=\"0 0 448 512\" xmlns=\"http:\/\/www.w3.org\/2000\/svg\"><path d=\"M380.9 97.1C339 55.1 283.2 32 223.9 32c-122.4 0-222 99.6-222 222 0 39.1 10.2 77.3 29.6 111L0 480l117.7-30.9c32.4 17.7 68.9 27 106.1 27h.1c122.3 0 224.1-99.6 224.1-222 0-59.3-25.2-115-67.1-157zm-157 341.6c-33.2 0-65.7-8.9-94-25.7l-6.7-4-69.8 18.3L72 359.2l-4.4-7c-18.5-29.4-28.2-63.3-28.2-98.2 0-101.7 82.8-184.5 184.6-184.5 49.3 0 95.6 19.2 130.4 54.1 34.8 34.9 56.2 81.2 56.1 130.5 0 101.8-84.9 184.6-186.6 184.6zm101.2-138.2c-5.5-2.8-32.8-16.2-37.9-18-5.1-1.9-8.8-2.8-12.5 2.8-3.7 5.6-14.3 18-17.6 21.8-3.2 3.7-6.5 4.2-12 1.4-32.6-16.3-54-29.1-75.5-66-5.7-9.8 5.7-9.1 16.3-30.3 1.8-3.7.9-6.9-.5-9.7-1.4-2.8-12.5-30.1-17.1-41.2-4.5-10.8-9.1-9.3-12.5-9.5-3.2-.2-6.9-.2-10.6-.2-3.7 0-9.7 1.4-14.8 6.9-5.1 5.6-19.4 19-19.4 46.3 0 27.3 19.9 53.7 22.6 57.4 2.8 3.7 39.1 59.7 94.8 83.8 35.2 15.2 49 16.5 66.6 13.9 10.7-1.6 32.8-13.4 37.4-26.4 4.6-13 4.6-24.1 3.2-26.4-1.3-2.5-5-3.9-10.5-6.6z\"><\/path><\/svg>\t\t\t<\/span>\n\t\t\t\t\t\t\t\t\t<span class=\"elementor-button-text\">Fale conosco<\/span>\n\t\t\t\t\t<\/span>\n\t\t\t\t\t<\/a>\n\t\t\t\t\t\t\t\t<\/div>\n\t\t\t\t<\/div>\n\t\t\t\t<\/div>\n\t\t\t\t\t<\/div>\n\t\t\t\t<\/div>\n\t\t\t\t<\/div>\n\t\t","protected":false},"excerpt":{"rendered":"<p>Precisando de ajuda? Fale com a gente e mantenha sua embarca\u00e7\u00e3o no rumo certo. Atendimento r\u00e1pido pelo WhatsApp Nosso time est\u00e1 dispon\u00edvel de segunda a sexta, das 8h \u00e0s 18h. Fale conosco<\/p>\n","protected":false},"author":1,"featured_media":0,"parent":0,"menu_order":0,"comment_status":"closed","ping_status":"closed","template":"","meta":{"_acf_changed":false,"footnotes":""},"class_list":["post-30","page","type-page","status-publish","hentry"],"acf":[],"_links":{"self":[{"href":"https:\/\/lemeapp.com.br\/home\/wp-json\/wp\/v2\/pages\/30","targetHints":{"allow":["GET"]}}],"collection":[{"href":"https:\/\/lemeapp.com.br\/home\/wp-json\/wp\/v2\/pages"}],"about":[{"href":"https:\/\/lemeapp.com.br\/home\/wp-json\/wp\/v2\/types\/page"}],"author":[{"embeddable":true,"href":"https:\/\/lemeapp.com.br\/home\/wp-json\/wp\/v2\/users\/1"}],"replies":[{"embeddable":true,"href":"https:\/\/lemeapp.com.br\/home\/wp-json\/wp\/v2\/comments?post=30"}],"version-history":[{"count":18,"href":"https:\/\/lemeapp.com.br\/home\/wp-json\/wp\/v2\/pages\/30\/revisions"}],"predecessor-version":[{"id":870,"href":"https:\/\/lemeapp.com.br\/home\/wp-json\/wp\/v2\/pages\/30\/revisions\/870"}],"wp:attachment":[{"href":"https:\/\/lemeapp.com.br\/home\/wp-json\/wp\/v2\/media?parent=30"}],"curies":[{"name":"wp","href":"https:\/\/api.w.org\/{rel}","templated":true}]}}